{"id":3,"date":"2020-04-22T19:56:21","date_gmt":"2020-04-22T17:56:21","guid":{"rendered":"http:\/\/www.richters-schafmischk\u00e4se.at\/home\/datenschutzerklaerung\/"},"modified":"2020-08-22T21:29:16","modified_gmt":"2020-08-22T19:29:16","slug":"datenschutzerklaerung","status":"publish","type":"page","link":"http:\/\/www.richters-schafmischk\u00e4se.at\/home\/datenschutzerklaerung\/","title":{"rendered":"Datenschutzerkl\u00e4rung"},"content":{"rendered":"\t\t<div data-elementor-type=\"wp-page\" data-elementor-id=\"3\" class=\"elementor elementor-3\">\n\t\t\t\t\t\t<div class=\"elementor-inner\">\n\t\t\t\t<div class=\"elementor-section-wrap\">\n\t\t\t\t\t\t\t\t\t<section class=\"elementor-section elementor-top-section elementor-element elementor-element-33683976 elementor-section-boxed elementor-section-height-default elementor-section-height-default\" data-id=\"33683976\" data-element_type=\"section\">\n\t\t\t\t\t\t<div class=\"elementor-container elementor-column-gap-default\">\n\t\t\t\t\t\t\t<div class=\"elementor-row\">\n\t\t\t\t\t<div class=\"elementor-column elementor-col-100 elementor-top-column elementor-element elementor-element-df9f188\" data-id=\"df9f188\" data-element_type=\"column\">\n\t\t\t<div class=\"elementor-column-wrap elementor-element-populated\">\n\t\t\t\t\t\t\t<div class=\"elementor-widget-wrap\">\n\t\t\t\t\t\t<div class=\"elementor-element elementor-element-b015d88 elementor-widget elementor-widget-text-editor\" data-id=\"b015d88\" data-element_type=\"widget\" data-widget_type=\"text-editor.default\">\n\t\t\t\t<div class=\"elementor-widget-container\">\n\t\t\t\t\t\t\t\t<div class=\"elementor-text-editor elementor-clearfix\">\n\t\t\t\t<p><!-- wp:heading --><\/p>\n<p><\/p>\n<p><\/p><main><p><\/p>\n<div class=\"container-fluid default-template\">\n<h1>Impressum<\/h1>\n<p><strong>Familie Richter<br><\/strong>Wienerstra\u00dfe 65, 3252 Petzenkirchen<\/p>\n<p><strong>Telefon:<\/strong> +43(0)7416 545 11<br><strong>E-Mail:<\/strong> andreas@richters-schafmischk\u00e4se.at<\/p>\n<p class=\"mt-5\"><strong>DESIGN &amp; LAYOUT:<br><\/strong>Agnes Richter<\/p><p class=\"mt-5\"><br><\/p>\n<p class=\"mt-5\">\n<\/p><\/div>\n<p><\/p><\/main><!-- \/wp:paragraph --><!-- wp:heading --><p><\/p>\n<p><strong>Die auf dieser Webseite ver\u00f6ffentlichten Inhalte sind urheberrechtlich gesch\u00fctzt!<\/strong><\/p>\n<p>Ihre Nutzung unterliegt den geltenden Urheberrechten. Diese Website darf ohne Zustimmung von Familie Richter nicht ver\u00e4ndert, kopiert, wiederver\u00f6ffentlicht, \u00fcbertragen, verbreitet oder gespeichert werden. Das Material darf ausschlie\u00dflich zu privaten, nichtkommerziellen Zwecken unter strikter Ber\u00fccksichtigung von Urheberrechten benutzt werden. <br><\/p>\n<h5>Welche personenbezogenen Daten wir sammeln und warum wir sie sammeln<\/h5>\n<p><!-- \/wp:heading --><!-- wp:heading {\"level\":3} --><!-- \/wp:heading --><!-- wp:heading {\"level\":3} --><\/p>\n<h3>Cookies<\/h3>\n<p><!-- \/wp:heading --><!-- wp:paragraph --><\/p>\n<p>Wenn du einen Kommentar auf unserer Website schreibst, kann das eine Einwilligung sein, deinen Namen, E-Mail-Adresse und Website in Cookies zu speichern. Dies ist eine Komfortfunktion, damit du nicht, wenn du einen weiteren Kommentar schreibst, all diese Daten erneut eingeben musst. Diese Cookies werden ein Jahr lang gespeichert.<\/p>\n<p><!-- \/wp:paragraph --><!-- wp:paragraph --><\/p>\n<p>Falls du ein Konto hast und dich auf dieser Website anmeldest, werden wir ein tempor\u00e4res Cookie setzen, um festzustellen, ob dein Browser Cookies akzeptiert. Dieses Cookie enth\u00e4lt keine personenbezogenen Daten und wird verworfen, wenn du deinen Browser schlie\u00dft.<\/p>\n<p><!-- \/wp:paragraph --><!-- wp:paragraph --><\/p>\n<p>Wenn du dich anmeldest, werden wir einige Cookies einrichten, um deine Anmeldeinformationen und Anzeigeoptionen zu speichern. Anmelde-Cookies verfallen nach zwei Tagen und Cookies f\u00fcr die Anzeigeoptionen nach einem Jahr. Falls du bei der Anmeldung \u201eAngemeldet bleiben\u201c ausw\u00e4hlst, wird deine Anmeldung zwei Wochen lang aufrechterhalten. Mit der Abmeldung aus deinem Konto werden die Anmelde-Cookies gel\u00f6scht.<\/p>\n<p><!-- \/wp:paragraph --><!-- wp:paragraph --><\/p>\n<p>Wenn du einen Artikel bearbeitest oder ver\u00f6ffentlichst, wird ein zus\u00e4tzlicher Cookie in deinem Browser gespeichert. Dieser Cookie enth\u00e4lt keine personenbezogenen Daten und verweist nur auf die Beitrags-ID des Artikels, den du gerade bearbeitet hast. Der Cookie verf\u00e4llt nach einem Tag.<\/p>\n<p><!-- \/wp:paragraph --><!-- wp:heading {\"level\":3} --><\/p>\n<h3>Eingebettete Inhalte von anderen Websites<\/h3>\n<p><!-- \/wp:heading --><!-- wp:paragraph --><\/p>\n<p>Beitr\u00e4ge auf dieser Website k\u00f6nnen eingebettete Inhalte beinhalten (z.&nbsp;B. Videos, Bilder, Beitr\u00e4ge etc.). Eingebettete Inhalte von anderen Websites verhalten sich exakt so, als ob der Besucher die andere Website besucht h\u00e4tte.<\/p>\n<p><!-- \/wp:paragraph --><!-- wp:paragraph --><\/p>\n<p>Diese Websites k\u00f6nnen Daten \u00fcber dich sammeln, Cookies benutzen, zus\u00e4tzliche Tracking-Dienste von Dritten einbetten und deine Interaktion mit diesem eingebetteten Inhalt aufzeichnen, inklusive deiner Interaktion mit dem eingebetteten Inhalt, falls du ein Konto hast und auf dieser Website angemeldet bist.<\/p>\n<p><!-- \/wp:paragraph --><!-- wp:heading {\"level\":3} --><\/p>\n<p><!-- \/wp:paragraph --><!-- wp:paragraph --><\/p>\n<p><\/p>\n<p><!-- \/wp:heading --><!-- wp:heading {\"level\":3} --><\/p>\n<h3>Wie wir deine Daten sch\u00fctzen<\/h3>\n<p><!-- \/wp:heading --><!-- wp:heading {\"level\":3} --><\/p>\n<h3>Welche Ma\u00dfnahmen wir bei Datenschutzverletzungen anbieten<\/h3>\n<p><!-- \/wp:heading --><!-- wp:heading {\"level\":3} --><\/p>\n<h3>Von welchen Drittanbietern wir Daten erhalten<\/h3>\n<p><!-- \/wp:heading --><!-- wp:heading {\"level\":3} --><\/p>\n<h3>Welche automatisierte Entscheidungsfindung und\/oder Profilerstellung wir mit Benutzerdaten durchf\u00fchren<\/h3>\n<p><!-- \/wp:heading --><!-- wp:heading {\"level\":3} --><\/p>\n<h3>Vorausgesetzte Offenlegungspflichten der Industrie<\/h3>\n<p><!-- \/wp:heading --><\/p>\t\t\t\t\t<\/div>\n\t\t\t\t\t\t<\/div>\n\t\t\t\t<\/div>\n\t\t\t\t\t\t<\/div>\n\t\t\t\t\t<\/div>\n\t\t<\/div>\n\t\t\t\t\t\t\t\t<\/div>\n\t\t\t\t\t<\/div>\n\t\t<\/section>\n\t\t\t\t\t\t\t\t\t<\/div>\n\t\t\t<\/div>\n\t\t\t\t\t<\/div>\n\t\t","protected":false},"excerpt":{"rendered":"<p>Impressum Familie RichterWienerstra\u00dfe 65, 3252 Petzenkirchen Telefon: +43(0)7416 545 11E-Mail: andreas@richters-schafmischk\u00e4se.at DESIGN &amp; LAYOUT:Agnes Richter Die auf dieser Webseite ver\u00f6ffentlichten Inhalte sind urheberrechtlich gesch\u00fctzt! Ihre Nutzung unterliegt den geltenden Urheberrechten. Diese Website darf ohne Zustimmung von Familie Richter nicht ver\u00e4ndert, kopiert, wiederver\u00f6ffentlicht, \u00fcbertragen, verbreitet oder gespeichert werden. Das Material darf ausschlie\u00dflich zu privaten, nichtkommerziellen Zwecken [&hellip;]<\/p>\n","protected":false},"author":1,"featured_media":0,"parent":0,"menu_order":0,"comment_status":"closed","ping_status":"open","template":"elementor_header_footer","meta":{"footnotes":""},"class_list":["post-3","page","type-page","status-publish","hentry","entry"],"_links":{"self":[{"href":"http:\/\/www.richters-schafmischk\u00e4se.at\/home\/wp-json\/wp\/v2\/pages\/3","targetHints":{"allow":["GET"]}}],"collection":[{"href":"http:\/\/www.richters-schafmischk\u00e4se.at\/home\/wp-json\/wp\/v2\/pages"}],"about":[{"href":"http:\/\/www.richters-schafmischk\u00e4se.at\/home\/wp-json\/wp\/v2\/types\/page"}],"author":[{"embeddable":true,"href":"http:\/\/www.richters-schafmischk\u00e4se.at\/home\/wp-json\/wp\/v2\/users\/1"}],"replies":[{"embeddable":true,"href":"http:\/\/www.richters-schafmischk\u00e4se.at\/home\/wp-json\/wp\/v2\/comments?post=3"}],"version-history":[{"count":2,"href":"http:\/\/www.richters-schafmischk\u00e4se.at\/home\/wp-json\/wp\/v2\/pages\/3\/revisions"}],"predecessor-version":[{"id":576,"href":"http:\/\/www.richters-schafmischk\u00e4se.at\/home\/wp-json\/wp\/v2\/pages\/3\/revisions\/576"}],"wp:attachment":[{"href":"http:\/\/www.richters-schafmischk\u00e4se.at\/home\/wp-json\/wp\/v2\/media?parent=3"}],"curies":[{"name":"wp","href":"https:\/\/api.w.org\/{rel}","templated":true}]}}